{"id":2157,"date":"2020-06-05T10:05:41","date_gmt":"2020-06-05T08:05:41","guid":{"rendered":"http:\/\/gorgesdelareuse.ch\/?page_id=2157"},"modified":"2023-12-06T10:25:38","modified_gmt":"2023-12-06T09:25:38","slug":"recommandations","status":"publish","type":"page","link":"https:\/\/gorgesdelareuse.ch\/de\/recommandations\/","title":{"rendered":"Empfehlungen"},"content":{"rendered":"<p><span style=\"color: #ff0000;\"><strong>Empfehlungen f\u00fcr Wanderinnen und Wanderer<\/strong><\/span><strong><br \/>\n<\/strong>Der Weg verl\u00e4uft mehrmals durch steile Schluchtabschnitte stellt aber keine besonderen Anforderungen an Wanderernde! Trotzdem hier einige Empfehlungen:<\/p>\n<ul>\n<li>Bei Regen k\u00f6nnen die Wege rutschig sein. Eine entsprechende Ausr\u00fcstung wird empfohlen.<\/li>\n<li>W\u00e4hrend dem Winterhalbjahr k\u00f6nnen einzelne Abschnitte gef\u00e4hrlich sein.<\/li>\n<li>Bleiben Sie an exponierten Stellen\u00a0nicht stehen.<\/li>\n<li>Beaufsichtigen Sie Kinder.<\/li>\n<\/ul>\n<p>Die Soci\u00e9t\u00e9 des Sentiers des Gorges de l\u2019Areuse lehnt jede Verantwortung im Falle von Sch\u00e4den ab.<\/p>\n","protected":false},"excerpt":{"rendered":"<p>Empfehlungen f\u00fcr Wanderinnen und Wanderer Der Weg verl\u00e4uft mehrmals durch steile Schluchtabschnitte stellt aber keine besonderen Anforderungen an Wanderernde! Trotzdem hier einige Empfehlungen: Bei Regen k\u00f6nnen die Wege rutschig sein. Eine entsprechende Ausr\u00fcstung wird empfohlen. W\u00e4hrend dem Winterhalbjahr k\u00f6nnen einzelne Abschnitte gef\u00e4hrlich sein. Bleiben Sie an exponierten Stellen\u00a0nicht stehen. Beaufsichtigen Sie Kinder. Die Soci\u00e9t\u00e9 des &hellip; <\/p>\n<p class=\"link-more\"><a href=\"https:\/\/gorgesdelareuse.ch\/de\/recommandations\/\" class=\"more-link\"><span class=\"screen-reader-text\">\u201eEmpfehlungen\u201c<\/span> weiterlesen<\/a><\/p>\n","protected":false},"author":1,"featured_media":0,"parent":0,"menu_order":0,"comment_status":"closed","ping_status":"closed","template":"","meta":{"_et_pb_use_builder":"off","_et_pb_old_content":"","_et_gb_content_width":"","footnotes":""},"class_list":["post-2157","page","type-page","status-publish","hentry"],"translation":{"provider":"WPGlobus","version":"2.12.2","language":"de","enabled_languages":["fr","de"],"languages":{"fr":{"title":true,"content":true,"excerpt":false},"de":{"title":true,"content":true,"excerpt":false}}},"_links":{"self":[{"href":"https:\/\/gorgesdelareuse.ch\/de\/wp-json\/wp\/v2\/pages\/2157","targetHints":{"allow":["GET"]}}],"collection":[{"href":"https:\/\/gorgesdelareuse.ch\/de\/wp-json\/wp\/v2\/pages"}],"about":[{"href":"https:\/\/gorgesdelareuse.ch\/de\/wp-json\/wp\/v2\/types\/page"}],"author":[{"embeddable":true,"href":"https:\/\/gorgesdelareuse.ch\/de\/wp-json\/wp\/v2\/users\/1"}],"replies":[{"embeddable":true,"href":"https:\/\/gorgesdelareuse.ch\/de\/wp-json\/wp\/v2\/comments?post=2157"}],"version-history":[{"count":43,"href":"https:\/\/gorgesdelareuse.ch\/de\/wp-json\/wp\/v2\/pages\/2157\/revisions"}],"predecessor-version":[{"id":2455,"href":"https:\/\/gorgesdelareuse.ch\/de\/wp-json\/wp\/v2\/pages\/2157\/revisions\/2455"}],"wp:attachment":[{"href":"https:\/\/gorgesdelareuse.ch\/de\/wp-json\/wp\/v2\/media?parent=2157"}],"curies":[{"name":"wp","href":"https:\/\/api.w.org\/{rel}","templated":true}]}}