{"id":2296,"date":"2022-06-29T11:42:05","date_gmt":"2022-06-29T09:42:05","guid":{"rendered":"https:\/\/gorgesdelareuse.ch\/?page_id=2296"},"modified":"2024-07-11T10:28:26","modified_gmt":"2024-07-11T08:28:26","slug":"accueil","status":"publish","type":"page","link":"https:\/\/gorgesdelareuse.ch\/de\/","title":{"rendered":"Empfang"},"content":{"rendered":"<p><strong>Die Areuse<\/strong><br \/>\nDer Fluss Areuse ist erstaunlich und f\u00fchrt den Spazierg\u00e4nger, der seinen Lauf verfolgt, von \u00dcberraschung zu \u00dcberraschung. Dieser wichtige Zufluss des Neuenburger Sees hat seine Quelle oberhalb von Saint-Sulpice. Sein Wasser entstammt einem See bei La Br\u00e9vine (Lac des Taill\u00e8res), 200 Meter \u00fcber Meer h\u00f6her gelegen und etwa 5 km von der Quelle entfernt. Das Wasser legt dann einen langen unterirdischen Weg zur\u00fcck, dessen Verlauf unbekannt ist.<\/p>\n<p><strong>Die Areuse-Schluchten<\/strong><br \/>\nDie Areuse bleibt den ganzen Val-de-Travers entlang ruhig. Nachdem seine Wasserf\u00fchrung durch den Zustrom der Noiraigue zunimmt, wird der Fluss unruhig, er sch\u00e4umt, er grollt. Die Felsw\u00e4nde r\u00fccken immer n\u00e4her zusammen und lassen dem Fluss nur einen schmalen Durchgang zu. Bei der Schneeschmelze fr\u00e4st sich die Areuse durch den Gor de Brayes mit Krach und Get\u00f6se. Vor 125 Jahren war diese Stelle noch unzug\u00e4nglich. Mit Hacke und Schaufel wurde ein Pfad im Fels gehauen. Dank der finanziellen Unterst\u00fctzung der Mitglieder des Vereines \u201eSentiers des Gorges de l\u2019Areuse\u201c.<\/p>\n<p><strong>Mitgliedschaft<\/strong><br \/>\nIndem Sie Mitglied unseres Unternehmens werden, zeigen Sie Ihr Interesse an dieser sch\u00f6nen Region und Sie erhalten jedes Jahr unsere Brosch\u00fcre mit neuen Informationen.<\/p>\n<p>J\u00e4hrlicher Mitgliedsbeitrag f\u00fcr Einzelmitglieder: CHF 25.-<br \/>\nJahresgeb\u00fchr f\u00fcr Familienmitglieder: CHF 30.-<\/p>\n","protected":false},"excerpt":{"rendered":"<p>Die Areuse Der Fluss Areuse ist erstaunlich und f\u00fchrt den Spazierg\u00e4nger, der seinen Lauf verfolgt, von \u00dcberraschung zu \u00dcberraschung. Dieser wichtige Zufluss des Neuenburger Sees hat seine Quelle oberhalb von Saint-Sulpice. Sein Wasser entstammt einem See bei La Br\u00e9vine (Lac des Taill\u00e8res), 200 Meter \u00fcber Meer h\u00f6her gelegen und etwa 5 km von der Quelle &hellip; <\/p>\n<p class=\"link-more\"><a href=\"https:\/\/gorgesdelareuse.ch\/de\/\" class=\"more-link\"><span class=\"screen-reader-text\">\u201eEmpfang\u201c<\/span> weiterlesen<\/a><\/p>\n","protected":false},"author":1,"featured_media":0,"parent":0,"menu_order":0,"comment_status":"closed","ping_status":"closed","template":"","meta":{"_et_pb_use_builder":"off","_et_pb_old_content":"","_et_gb_content_width":"","footnotes":""},"class_list":["post-2296","page","type-page","status-publish","hentry"],"translation":{"provider":"WPGlobus","version":"2.12.2","language":"de","enabled_languages":["fr","de"],"languages":{"fr":{"title":true,"content":true,"excerpt":false},"de":{"title":true,"content":true,"excerpt":false}}},"_links":{"self":[{"href":"https:\/\/gorgesdelareuse.ch\/de\/wp-json\/wp\/v2\/pages\/2296","targetHints":{"allow":["GET"]}}],"collection":[{"href":"https:\/\/gorgesdelareuse.ch\/de\/wp-json\/wp\/v2\/pages"}],"about":[{"href":"https:\/\/gorgesdelareuse.ch\/de\/wp-json\/wp\/v2\/types\/page"}],"author":[{"embeddable":true,"href":"https:\/\/gorgesdelareuse.ch\/de\/wp-json\/wp\/v2\/users\/1"}],"replies":[{"embeddable":true,"href":"https:\/\/gorgesdelareuse.ch\/de\/wp-json\/wp\/v2\/comments?post=2296"}],"version-history":[{"count":17,"href":"https:\/\/gorgesdelareuse.ch\/de\/wp-json\/wp\/v2\/pages\/2296\/revisions"}],"predecessor-version":[{"id":2645,"href":"https:\/\/gorgesdelareuse.ch\/de\/wp-json\/wp\/v2\/pages\/2296\/revisions\/2645"}],"wp:attachment":[{"href":"https:\/\/gorgesdelareuse.ch\/de\/wp-json\/wp\/v2\/media?parent=2296"}],"curies":[{"name":"wp","href":"https:\/\/api.w.org\/{rel}","templated":true}]}}