{"id":2511,"date":"2024-02-01T12:10:08","date_gmt":"2024-02-01T11:10:08","guid":{"rendered":"https:\/\/gorgesdelareuse.ch\/?page_id=2511"},"modified":"2025-05-08T10:53:57","modified_gmt":"2025-05-08T08:53:57","slug":"contact","status":"publish","type":"page","link":"https:\/\/gorgesdelareuse.ch\/de\/contact\/","title":{"rendered":"Contact"},"content":{"rendered":"<p><strong>Adresse du secr\u00e9tariat<\/strong><br \/>\nSoci\u00e9t\u00e9 des Sentiers des Gorges de l\u2019Areuse<br \/>\nChemin de Treyvaux 8<br \/>\nCH-2014 B\u00f4le<br \/>\ninfo@gorgesdelareuse.ch<br \/>\nCCP: 20-3454-2<br \/>\nIBAN: CH74 0900 0000 2000 3454 2<br \/>\nBIC POFICHBEXXX<\/p>\n<h3><strong>Demandes de renseignements, communications et adh\u00e9sion \u00e0 :\u00a0<\/strong><a href=\"mailto:info@gorgesdelareuse.ch\"><strong>info@gorgesdelareuse.ch<\/strong><\/a><\/h3>\n<p><strong>Adh\u00e9sion<br \/>\n<\/strong>En devenant membre de notre soci\u00e9t\u00e9, vous manifestez votre int\u00e9r\u00eat pour cette magnifique contr\u00e9e et vous recevrez chaque ann\u00e9e, notre d\u00e9pliant comprenant de nouvelles informations.<\/p>\n<p>Cotisation annuelle pour membre individuel : CHF 25.-<br \/>\nCotisation annuelle pour famille : CHF 30.-<\/p>\n<p>D\u00e8s r\u00e9ception de votre demande d\u2019adh\u00e9sion, vous recevrez les informations annuelles ainsi qu\u2019un bulletin de versement pour vous acquitter du montant de la cotisation.<\/p>\n","protected":false},"excerpt":{"rendered":"<p>Adresse du secr\u00e9tariat Soci\u00e9t\u00e9 des Sentiers des Gorges de l\u2019Areuse Chemin de Treyvaux 8 CH-2014 B\u00f4le info@gorgesdelareuse.ch CCP: 20-3454-2 IBAN: CH74 0900 0000 2000 3454 2 BIC POFICHBEXXX Demandes de renseignements, communications et adh\u00e9sion \u00e0 :\u00a0info@gorgesdelareuse.ch Adh\u00e9sion En devenant membre de notre soci\u00e9t\u00e9, vous manifestez votre int\u00e9r\u00eat pour cette magnifique contr\u00e9e et vous recevrez chaque &hellip; <\/p>\n<p class=\"link-more\"><a href=\"https:\/\/gorgesdelareuse.ch\/de\/contact\/\" class=\"more-link\"><span class=\"screen-reader-text\">\u201eContact\u201c<\/span> weiterlesen<\/a><\/p>\n","protected":false},"author":1,"featured_media":0,"parent":0,"menu_order":0,"comment_status":"closed","ping_status":"closed","template":"","meta":{"_et_pb_use_builder":"","_et_pb_old_content":"","_et_gb_content_width":"","footnotes":""},"class_list":["post-2511","page","type-page","status-publish","hentry"],"translation":{"provider":"WPGlobus","version":"2.12.2","language":"de","enabled_languages":["fr","de"],"languages":{"fr":{"title":true,"content":true,"excerpt":false},"de":{"title":false,"content":false,"excerpt":false}}},"_links":{"self":[{"href":"https:\/\/gorgesdelareuse.ch\/de\/wp-json\/wp\/v2\/pages\/2511","targetHints":{"allow":["GET"]}}],"collection":[{"href":"https:\/\/gorgesdelareuse.ch\/de\/wp-json\/wp\/v2\/pages"}],"about":[{"href":"https:\/\/gorgesdelareuse.ch\/de\/wp-json\/wp\/v2\/types\/page"}],"author":[{"embeddable":true,"href":"https:\/\/gorgesdelareuse.ch\/de\/wp-json\/wp\/v2\/users\/1"}],"replies":[{"embeddable":true,"href":"https:\/\/gorgesdelareuse.ch\/de\/wp-json\/wp\/v2\/comments?post=2511"}],"version-history":[{"count":6,"href":"https:\/\/gorgesdelareuse.ch\/de\/wp-json\/wp\/v2\/pages\/2511\/revisions"}],"predecessor-version":[{"id":2702,"href":"https:\/\/gorgesdelareuse.ch\/de\/wp-json\/wp\/v2\/pages\/2511\/revisions\/2702"}],"wp:attachment":[{"href":"https:\/\/gorgesdelareuse.ch\/de\/wp-json\/wp\/v2\/media?parent=2511"}],"curies":[{"name":"wp","href":"https:\/\/api.w.org\/{rel}","templated":true}]}}