{"id":2519,"date":"2024-02-01T13:37:56","date_gmt":"2024-02-01T12:37:56","guid":{"rendered":"https:\/\/gorgesdelareuse.ch\/?page_id=2519"},"modified":"2026-04-24T19:26:55","modified_gmt":"2026-04-24T17:26:55","slug":"membres","status":"publish","type":"page","link":"https:\/\/gorgesdelareuse.ch\/de\/membres\/","title":{"rendered":"Membres"},"content":{"rendered":"<p><strong>INFORMATIONS \u00e0 nos membres<\/strong><\/p>\n<p><strong>Assembl\u00e9e G\u00e9n\u00e9rale 2026<\/strong> : samedi 25 avril<\/p>\n<p><a href=\"http:\/\/gorgesdelareuse.ch\/wp-content\/uploads\/2026\/03\/convoc_AG_SSGA_2026.pdf\">Ordre du jour<\/a> de l&#8217;Assembl\u00e9e G\u00e9n\u00e9rale 2026<\/p>\n<p><a href=\"http:\/\/gorgesdelareuse.ch\/wp-content\/uploads\/2026\/03\/pv_ag_ssga_2025.pdf\">Proc\u00e8s-verbal<\/a> de l&#8217;Assembl\u00e9e G\u00e9n\u00e9rale 2025<\/p>\n<p><a href=\"http:\/\/gorgesdelareuse.ch\/wp-content\/uploads\/2026\/04\/compta-ssga-2025.pdf\">Comptes 2025<\/a><\/p>\n<p><a href=\"http:\/\/gorgesdelareuse.ch\/wp-content\/uploads\/2026\/03\/Statuts_SSGA.pdf\">Statuts<\/a> de la Soci\u00e9t\u00e9 des Sentiers des Gorges de l&#8217;Areuse<\/p>\n","protected":false},"excerpt":{"rendered":"<p>INFORMATIONS \u00e0 nos membres Assembl\u00e9e G\u00e9n\u00e9rale 2026 : samedi 25 avril Ordre du jour de l&#8217;Assembl\u00e9e G\u00e9n\u00e9rale 2026 Proc\u00e8s-verbal de l&#8217;Assembl\u00e9e G\u00e9n\u00e9rale 2025 Comptes 2025 Statuts de la Soci\u00e9t\u00e9 des Sentiers des Gorges de l&#8217;Areuse<\/p>\n","protected":false},"author":1,"featured_media":0,"parent":0,"menu_order":0,"comment_status":"closed","ping_status":"closed","template":"","meta":{"_et_pb_use_builder":"","_et_pb_old_content":"","_et_gb_content_width":"","footnotes":""},"class_list":["post-2519","page","type-page","status-publish","hentry"],"translation":{"provider":"WPGlobus","version":"2.12.2","language":"de","enabled_languages":["fr","de"],"languages":{"fr":{"title":true,"content":true,"excerpt":false},"de":{"title":false,"content":false,"excerpt":false}}},"_links":{"self":[{"href":"https:\/\/gorgesdelareuse.ch\/de\/wp-json\/wp\/v2\/pages\/2519","targetHints":{"allow":["GET"]}}],"collection":[{"href":"https:\/\/gorgesdelareuse.ch\/de\/wp-json\/wp\/v2\/pages"}],"about":[{"href":"https:\/\/gorgesdelareuse.ch\/de\/wp-json\/wp\/v2\/types\/page"}],"author":[{"embeddable":true,"href":"https:\/\/gorgesdelareuse.ch\/de\/wp-json\/wp\/v2\/users\/1"}],"replies":[{"embeddable":true,"href":"https:\/\/gorgesdelareuse.ch\/de\/wp-json\/wp\/v2\/comments?post=2519"}],"version-history":[{"count":25,"href":"https:\/\/gorgesdelareuse.ch\/de\/wp-json\/wp\/v2\/pages\/2519\/revisions"}],"predecessor-version":[{"id":2735,"href":"https:\/\/gorgesdelareuse.ch\/de\/wp-json\/wp\/v2\/pages\/2519\/revisions\/2735"}],"wp:attachment":[{"href":"https:\/\/gorgesdelareuse.ch\/de\/wp-json\/wp\/v2\/media?parent=2519"}],"curies":[{"name":"wp","href":"https:\/\/api.w.org\/{rel}","templated":true}]}}