{"id":2531,"date":"2024-02-08T01:13:28","date_gmt":"2024-02-08T00:13:28","guid":{"rendered":"https:\/\/gorgesdelareuse.ch\/?page_id=2531"},"modified":"2026-03-26T13:06:49","modified_gmt":"2026-03-26T12:06:49","slug":"depliants","status":"publish","type":"page","link":"https:\/\/gorgesdelareuse.ch\/de\/depliants\/","title":{"rendered":"D\u00e9pliants annuels"},"content":{"rendered":"<p><a href=\"http:\/\/gorgesdelareuse.ch\/wp-content\/uploads\/2026\/03\/depliant_2026.pdf\">2026<\/a>\u00a0 140 ans de la soci\u00e9t\u00e9<\/p>\n<p><a href=\"https:\/\/www.gorgesdelareuse.ch\/docs\/2025.pdf\">2025<\/a>\u00a0 150 ans du Gor de Brayes et travaux de remplacement du garde-corps<\/p>\n<p><a href=\"https:\/\/www.gorgesdelareuse.ch\/docs\/2024.pdf\">2024<\/a>\u00a0 Proposition de randonn\u00e9e en passant par le Ch\u00e2teau de Rochefort<\/p>\n<p><a href=\"https:\/\/www.gorgesdelareuse.ch\/docs\/2023.pdf\">2023<\/a>\u00a0 Les Gorges de l&#8217;Areuse &#8230; et bien plus encore !<\/p>\n<p><a href=\"https:\/\/www.gorgesdelareuse.ch\/docs\/2022.pdf\">2022<\/a>\u00a0 Les Gorges de l&#8217;Areuse jusqu&#8217;au lac de Neuch\u00e2tel<\/p>\n<p><a href=\"https:\/\/www.gorgesdelareuse.ch\/docs\/2021.pdf\">2021<\/a>\u00a0 \u00a0La pierre suspendue du Saut-de-Brot<br \/>\n<a href=\"https:\/\/www.gorgesdelareuse.ch\/docs\/2021-presse.pdf\">2021<\/a>\u00a0 \u00a0Articles de presse<\/p>\n<p><a href=\"https:\/\/www.gorgesdelareuse.ch\/docs\/2020.pdf\">2020<\/a>\u00a0 Quelques hauts-lieux d&#8217;\u00e9nergie dans les Gorges de l&#8217;Areuse<\/p>\n<p><a href=\"https:\/\/www.gorgesdelareuse.ch\/docs\/2019.pdf\">2019<\/a>\u00a0 Proposition de randonn\u00e9e dans les Gorges de l&#8217;Areuse<\/p>\n<p><a href=\"https:\/\/www.gorgesdelareuse.ch\/docs\/2018.pdf\">2018<\/a>\u00a0 La faune aquatique des Gorges de l&#8217;Areuse<\/p>\n<p><a href=\"https:\/\/www.gorgesdelareuse.ch\/docs\/2017.pdf\">2017<\/a>\u00a0 Travaux dans les Gorges de l&#8217;Areuse<\/p>\n<p><a href=\"https:\/\/www.gorgesdelareuse.ch\/docs\/2016.pdf\">2016<\/a>\u00a0 130 ans d&#8217;entretien des sentiers des Gorges de l&#8217;Areuse<\/p>\n<p><a href=\"https:\/\/www.gorgesdelareuse.ch\/docs\/2015.pdf\">2015<\/a>\u00a0 Vos randonn\u00e9es dans les Gorges de l&#8217;Areuse<\/p>\n<p><a href=\"https:\/\/www.gorgesdelareuse.ch\/docs\/2014.pdf\">2014<\/a>\u00a0 Alimentation en eau potable \u00e0 partir des sources de l&#8217;Areuse<\/p>\n<p><a href=\"https:\/\/www.gorgesdelareuse.ch\/docs\/2013.pdf\">2013<\/a>\u00a0 Les ponts et passerelles des Gorges de l&#8217;Areuse<\/p>\n<p><a href=\"https:\/\/www.gorgesdelareuse.ch\/docs\/2012.pdf\">2012<\/a>\u00a0 Les h\u00e9bergements dans la r\u00e9gion des Gorges de l&#8217;Areuse<\/p>\n<p><a href=\"https:\/\/www.gorgesdelareuse.ch\/docs\/2011.pdf\">2011<\/a>\u00a0 Les sentiers des Gorges de l&#8217;Areuse ont 125 ans<\/p>\n<p>De 2011 \u00e0 aujourd&#8217;hui, remplacement de la carte postale annuelle par un d\u00e9pliant \u00e0 th\u00e8me.<\/p>\n<p><a href=\"https:\/\/www.gorgesdelareuse.ch\/docs\/2010.pdf\">2010<\/a>\u00a0 Les Chutes de la Verri\u00e8re<\/p>\n<p><a href=\"https:\/\/www.gorgesdelareuse.ch\/docs\/2009.pdf\">2009<\/a>\u00a0 D\u00e9g\u00e2ts durant l&#8217;hiver en amont de Boudry<\/p>\n<p><a href=\"https:\/\/www.gorgesdelareuse.ch\/docs\/2008.pdf\">2008<\/a>\u00a0 Ambiance hivernale pr\u00e8s de la Baume du Four<\/p>\n<p><a href=\"https:\/\/www.gorgesdelareuse.ch\/docs\/2007.pdf\">2007<\/a>\u00a0 Passerelle sup\u00e9rieure du Saut-de-Brot<\/p>\n<p><a href=\"https:\/\/www.gorgesdelareuse.ch\/docs\/2006.pdf\">2006<\/a>\u00a0 Le Gor de Braye au Pont des Cl\u00e9es<\/p>\n<p><a href=\"https:\/\/www.gorgesdelareuse.ch\/docs\/2005.pdf\">2005<\/a>\u00a0 L&#8217;Areuse en aval du Pont de la Verri\u00e8re<\/p>\n<p><a href=\"https:\/\/www.gorgesdelareuse.ch\/docs\/2004.pdf\">2004<\/a>\u00a0 Chute en amont du Saut-de-Brot<\/p>\n<p><a href=\"https:\/\/www.gorgesdelareuse.ch\/docs\/2003.pdf\">2003<\/a>\u00a0 Nouvelle passerelle baptis\u00e9e &#8222;Expo 02&#8220;<\/p>\n","protected":false},"excerpt":{"rendered":"<p>2026\u00a0 140 ans de la soci\u00e9t\u00e9 2025\u00a0 150 ans du Gor de Brayes et travaux de remplacement du garde-corps 2024\u00a0 Proposition de randonn\u00e9e en passant par le Ch\u00e2teau de Rochefort 2023\u00a0 Les Gorges de l&#8217;Areuse &#8230; et bien plus encore ! 2022\u00a0 Les Gorges de l&#8217;Areuse jusqu&#8217;au lac de Neuch\u00e2tel 2021\u00a0 \u00a0La pierre suspendue du &hellip; <\/p>\n<p class=\"link-more\"><a href=\"https:\/\/gorgesdelareuse.ch\/de\/depliants\/\" class=\"more-link\"><span class=\"screen-reader-text\">\u201eD\u00e9pliants annuels\u201c<\/span> weiterlesen<\/a><\/p>\n","protected":false},"author":1,"featured_media":0,"parent":0,"menu_order":0,"comment_status":"closed","ping_status":"closed","template":"","meta":{"_et_pb_use_builder":"","_et_pb_old_content":"","_et_gb_content_width":"","footnotes":""},"class_list":["post-2531","page","type-page","status-publish","hentry"],"translation":{"provider":"WPGlobus","version":"2.12.2","language":"de","enabled_languages":["fr","de"],"languages":{"fr":{"title":true,"content":true,"excerpt":false},"de":{"title":false,"content":false,"excerpt":false}}},"_links":{"self":[{"href":"https:\/\/gorgesdelareuse.ch\/de\/wp-json\/wp\/v2\/pages\/2531","targetHints":{"allow":["GET"]}}],"collection":[{"href":"https:\/\/gorgesdelareuse.ch\/de\/wp-json\/wp\/v2\/pages"}],"about":[{"href":"https:\/\/gorgesdelareuse.ch\/de\/wp-json\/wp\/v2\/types\/page"}],"author":[{"embeddable":true,"href":"https:\/\/gorgesdelareuse.ch\/de\/wp-json\/wp\/v2\/users\/1"}],"replies":[{"embeddable":true,"href":"https:\/\/gorgesdelareuse.ch\/de\/wp-json\/wp\/v2\/comments?post=2531"}],"version-history":[{"count":19,"href":"https:\/\/gorgesdelareuse.ch\/de\/wp-json\/wp\/v2\/pages\/2531\/revisions"}],"predecessor-version":[{"id":2725,"href":"https:\/\/gorgesdelareuse.ch\/de\/wp-json\/wp\/v2\/pages\/2531\/revisions\/2725"}],"wp:attachment":[{"href":"https:\/\/gorgesdelareuse.ch\/de\/wp-json\/wp\/v2\/media?parent=2531"}],"curies":[{"name":"wp","href":"https:\/\/api.w.org\/{rel}","templated":true}]}}